{"id":269,"date":"2024-08-26T10:56:38","date_gmt":"2024-08-26T08:56:38","guid":{"rendered":"https:\/\/forbach-agglomeration-natation.fr\/?page_id=269"},"modified":"2024-08-26T16:34:24","modified_gmt":"2024-08-26T14:34:24","slug":"evenements","status":"publish","type":"page","link":"https:\/\/forbach-agglomeration-natation.fr\/index.php\/evenements\/","title":{"rendered":"Ev\u00e8nements"},"content":{"rendered":"<p style=\"text-align: left;\">Dans cette rubrique, vous trouverez tous les \u00e9v\u00e8nements du club (comp\u00e9tition, rassemblements, etc&#8230;)<\/p>\n","protected":false},"excerpt":{"rendered":"<p>Dans cette rubrique, vous trouverez tous les \u00e9v\u00e8nements du club (comp\u00e9tition, rassemblements, etc&#8230;)<\/p>\n","protected":false},"author":2,"featured_media":0,"parent":0,"menu_order":0,"comment_status":"closed","ping_status":"closed","template":"","meta":{"ngg_post_thumbnail":0,"footnotes":""},"class_list":["post-269","page","type-page","status-publish","hentry"],"_links":{"self":[{"href":"https:\/\/forbach-agglomeration-natation.fr\/index.php\/wp-json\/wp\/v2\/pages\/269","targetHints":{"allow":["GET"]}}],"collection":[{"href":"https:\/\/forbach-agglomeration-natation.fr\/index.php\/wp-json\/wp\/v2\/pages"}],"about":[{"href":"https:\/\/forbach-agglomeration-natation.fr\/index.php\/wp-json\/wp\/v2\/types\/page"}],"author":[{"embeddable":true,"href":"https:\/\/forbach-agglomeration-natation.fr\/index.php\/wp-json\/wp\/v2\/users\/2"}],"replies":[{"embeddable":true,"href":"https:\/\/forbach-agglomeration-natation.fr\/index.php\/wp-json\/wp\/v2\/comments?post=269"}],"version-history":[{"count":6,"href":"https:\/\/forbach-agglomeration-natation.fr\/index.php\/wp-json\/wp\/v2\/pages\/269\/revisions"}],"predecessor-version":[{"id":279,"href":"https:\/\/forbach-agglomeration-natation.fr\/index.php\/wp-json\/wp\/v2\/pages\/269\/revisions\/279"}],"wp:attachment":[{"href":"https:\/\/forbach-agglomeration-natation.fr\/index.php\/wp-json\/wp\/v2\/media?parent=269"}],"curies":[{"name":"wp","href":"https:\/\/api.w.org\/{rel}","templated":true}]}}