{"id":32,"date":"2023-12-13T18:56:22","date_gmt":"2023-12-13T17:56:22","guid":{"rendered":"https:\/\/forbach-agglomeration-natation.fr\/?page_id=32"},"modified":"2023-12-13T23:06:06","modified_gmt":"2023-12-13T22:06:06","slug":"le-club","status":"publish","type":"page","link":"https:\/\/forbach-agglomeration-natation.fr\/index.php\/le-club\/","title":{"rendered":"Le club"},"content":{"rendered":"<p>Le FAN (Forbach Agglom\u00e9ration Natation) est le club de natation sportive historique de la piscine olympique de Forbach (Moselle).<\/p>\n<p>Suite \u00e0 la crise du COVID-19 en mars 2020 et aux travaux de r\u00e9novation qui ont n\u00e9cessit\u00e9 la fermeture des infrastructures jusqu&rsquo;au 1er semestre 2023, le club a \u00e9t\u00e9 contraint de se mettre en sommeil.<\/p>\n<p>Mais aujourd&rsquo;hui, fort de ses 150 licenci\u00e9s, avec des installations r\u00e9nov\u00e9es et de qualit\u00e9, le FAN est pr\u00eat \u00e0 relever de nouveaux challenges.<\/p>\n","protected":false},"excerpt":{"rendered":"<p>Le FAN (Forbach Agglom\u00e9ration Natation) est le club de natation sportive historique de la piscine olympique de Forbach (Moselle). Suite \u00e0 la crise du COVID-19 en mars 2020 et aux travaux de r\u00e9novation qui ont n\u00e9cessit\u00e9 la fermeture des infrastructures jusqu&rsquo;au 1er semestre 2023, le club a \u00e9t\u00e9 contraint de se mettre en sommeil. Mais aujourd&rsquo;hui, fort de ses 150 licenci\u00e9s, avec des installations r\u00e9nov\u00e9es et de qualit\u00e9, le FAN est pr\u00eat \u00e0 relever de nouveaux challenges.<\/p>\n","protected":false},"author":1,"featured_media":25,"parent":0,"menu_order":0,"comment_status":"closed","ping_status":"closed","template":"","meta":{"ngg_post_thumbnail":0,"footnotes":""},"class_list":["post-32","page","type-page","status-publish","has-post-thumbnail","hentry"],"_links":{"self":[{"href":"https:\/\/forbach-agglomeration-natation.fr\/index.php\/wp-json\/wp\/v2\/pages\/32","targetHints":{"allow":["GET"]}}],"collection":[{"href":"https:\/\/forbach-agglomeration-natation.fr\/index.php\/wp-json\/wp\/v2\/pages"}],"about":[{"href":"https:\/\/forbach-agglomeration-natation.fr\/index.php\/wp-json\/wp\/v2\/types\/page"}],"author":[{"embeddable":true,"href":"https:\/\/forbach-agglomeration-natation.fr\/index.php\/wp-json\/wp\/v2\/users\/1"}],"replies":[{"embeddable":true,"href":"https:\/\/forbach-agglomeration-natation.fr\/index.php\/wp-json\/wp\/v2\/comments?post=32"}],"version-history":[{"count":3,"href":"https:\/\/forbach-agglomeration-natation.fr\/index.php\/wp-json\/wp\/v2\/pages\/32\/revisions"}],"predecessor-version":[{"id":86,"href":"https:\/\/forbach-agglomeration-natation.fr\/index.php\/wp-json\/wp\/v2\/pages\/32\/revisions\/86"}],"wp:featuredmedia":[{"embeddable":true,"href":"https:\/\/forbach-agglomeration-natation.fr\/index.php\/wp-json\/wp\/v2\/media\/25"}],"wp:attachment":[{"href":"https:\/\/forbach-agglomeration-natation.fr\/index.php\/wp-json\/wp\/v2\/media?parent=32"}],"curies":[{"name":"wp","href":"https:\/\/api.w.org\/{rel}","templated":true}]}}