{"id":34,"date":"2023-12-13T18:57:12","date_gmt":"2023-12-13T17:57:12","guid":{"rendered":"https:\/\/forbach-agglomeration-natation.fr\/?page_id=34"},"modified":"2023-12-17T12:16:15","modified_gmt":"2023-12-17T11:16:15","slug":"les-installations","status":"publish","type":"page","link":"https:\/\/forbach-agglomeration-natation.fr\/index.php\/les-installations\/","title":{"rendered":"Nos installations"},"content":{"rendered":"<p>La piscine olympique Jean Eric Bousch, r\u00e9nov\u00e9e en 2023, est une installation de r\u00e9f\u00e9rence dans le d\u00e9partement de la Moselle.<br \/>\nElle est notamment labellis\u00e9e \u00ab\u00a0Centre de pr\u00e9paration aux Jeux olympiques de 2024\u00a0\u00bb.<\/p>\n<p>Le FAN (Forbach Agglom\u00e9ration Natation) utilise les installations mises \u00e0 disposition par la communaut\u00e9 d&rsquo;agglom\u00e9ration Forbach Porte de France et plus particuli\u00e8rement:<\/p>\n<ul>\n<li>Plusieurs couloirs du bassin olympique (50m)<\/li>\n<li>de la fosse \u00e0 plongeon avec 2 tremplins \u00e0 1m et \u00e0 3m, ainsi qu&rsquo;une plateforme \u00e0 5m.<\/li>\n<\/ul>\n<p>Vous pouvez trouver de plus amples informations sur la page d\u00e9di\u00e9e de la communaut\u00e9 d&rsquo;agglom\u00e9ration Forbach porte de France ou la page Facebook de la piscine olympique de Forbach.<\/p>\n<p><a href=\"https:\/\/www.agglo-forbach.fr\/fr\/piscine-olympique.html\" target=\"_blank\" rel=\"noopener\">Agglo Forbach: Piscine Olympique<\/a><br \/>\n<a href=\"https:\/\/www.facebook.com\/PiscinedeForbach\/?locale=fr_FR\" target=\"_blank\" rel=\"noopener\">Page Facebook: Piscine Olympique <\/a><\/p>\nngg_shortcode_0_placeholder\n","protected":false},"excerpt":{"rendered":"<p>La piscine olympique Jean Eric Bousch, r\u00e9nov\u00e9e en 2023, est une installation de r\u00e9f\u00e9rence dans le d\u00e9partement de la Moselle. Elle est notamment labellis\u00e9e \u00ab\u00a0Centre de pr\u00e9paration aux Jeux olympiques de 2024\u00a0\u00bb. Le FAN (Forbach Agglom\u00e9ration Natation) utilise les installations mises \u00e0 disposition par la communaut\u00e9 d&rsquo;agglom\u00e9ration Forbach Porte de France et plus particuli\u00e8rement: Plusieurs couloirs du bassin olympique (50m) de la fosse \u00e0 plongeon avec 2 tremplins \u00e0 1m et \u00e0 3m, ainsi qu&rsquo;une plateforme \u00e0 5m. Vous pouvez&#8230;<\/p>\n<p class=\"read-more\"><a class=\"btn btn-default\" href=\"https:\/\/forbach-agglomeration-natation.fr\/index.php\/les-installations\/\">Lire la suite<span class=\"screen-reader-text\"> Lire la suite<\/span><\/a><\/p>\n","protected":false},"author":1,"featured_media":0,"parent":0,"menu_order":0,"comment_status":"closed","ping_status":"closed","template":"","meta":{"ngg_post_thumbnail":0,"footnotes":""},"class_list":["post-34","page","type-page","status-publish","hentry"],"_links":{"self":[{"href":"https:\/\/forbach-agglomeration-natation.fr\/index.php\/wp-json\/wp\/v2\/pages\/34","targetHints":{"allow":["GET"]}}],"collection":[{"href":"https:\/\/forbach-agglomeration-natation.fr\/index.php\/wp-json\/wp\/v2\/pages"}],"about":[{"href":"https:\/\/forbach-agglomeration-natation.fr\/index.php\/wp-json\/wp\/v2\/types\/page"}],"author":[{"embeddable":true,"href":"https:\/\/forbach-agglomeration-natation.fr\/index.php\/wp-json\/wp\/v2\/users\/1"}],"replies":[{"embeddable":true,"href":"https:\/\/forbach-agglomeration-natation.fr\/index.php\/wp-json\/wp\/v2\/comments?post=34"}],"version-history":[{"count":11,"href":"https:\/\/forbach-agglomeration-natation.fr\/index.php\/wp-json\/wp\/v2\/pages\/34\/revisions"}],"predecessor-version":[{"id":136,"href":"https:\/\/forbach-agglomeration-natation.fr\/index.php\/wp-json\/wp\/v2\/pages\/34\/revisions\/136"}],"wp:attachment":[{"href":"https:\/\/forbach-agglomeration-natation.fr\/index.php\/wp-json\/wp\/v2\/media?parent=34"}],"curies":[{"name":"wp","href":"https:\/\/api.w.org\/{rel}","templated":true}]}}