{"id":39,"date":"2023-12-13T18:59:45","date_gmt":"2023-12-13T17:59:45","guid":{"rendered":"https:\/\/forbach-agglomeration-natation.fr\/?page_id=39"},"modified":"2024-08-25T19:08:44","modified_gmt":"2024-08-25T17:08:44","slug":"inscriptions","status":"publish","type":"page","link":"https:\/\/forbach-agglomeration-natation.fr\/index.php\/inscriptions\/","title":{"rendered":"Inscriptions"},"content":{"rendered":"<p><span style=\"color: #3366ff;\"><strong>Bonjour! La saison 2024\/2025 va bient\u00f4t d\u00e9marrer!<\/strong><\/span><\/p>\n<p>Le club du F.A.N proc\u00e8de dans un premier temps <span style=\"color: #ff0000;\"><strong>aux r\u00e9inscriptions des enfants d\u00e9j\u00e0 licenci\u00e9s lors de la saison sportive 2023\/2024.<\/strong><\/span> Vous trouverez ci dessous les modalit\u00e9s de r\u00e9inscription.<\/p>\n<p>Pour une premi\u00e8re inscription au F.A.N nous reviendrons tr\u00e8s <strong>prochainement vers<\/strong> vous pour expliquer les modalit\u00e9s d&rsquo;inscription sur le site internet.<\/p>\n<p><strong>Modalit\u00e9s de r\u00e9inscription:<\/strong><\/p>\n<p>Afin de faciliter l&rsquo;inscription de votre enfant, merci de comp\u00e9ter avant de r\u00e9cup\u00e9rer le dossier, le formulaire de renseignement (un par enfant inscrit) en cliquant sur le lien ci dessous:<br \/>\n<a href=\"https:\/\/forbach-agglomeration-natation.fr\/index.php\/inscriptions\/fiche-de-renseignement-reinscription-2024-2025\/\" target=\"_blank\" rel=\"noopener\">Acc\u00e8s au formulaire de renseignement<\/a><\/p>\n<p><strong>La p\u00e9riode de retrait des dossiers de r\u00e9inscriptions uniquement! se d\u00e9rouleront du lundi 02\/09 au vendredi 20\/09\/2024) inclus.<\/strong><\/p>\n<p><strong>Lieu de retrait des dossiers: Local du F.A.N<\/strong> (porte ext\u00e9rieure \u00e0 l&rsquo;arri\u00e8re de la piscine face au parking client\u00e8le)<\/p>\n<p><strong>VOTRE ENFANT EST OU SERA EN GROUPE DE FAMILLE:<\/strong><\/p>\n<p><span style=\"color: #993366;\"><strong>AVENIRS CREVETTES:<\/strong><\/span> Pour une entr\u00e9e en classe (2024\/2025) en CP 6ans\/ CE1 7ans\/ CE2 8ans<br \/>\nPermanences retraits dossiers: de 17h30 \u00e0 19h30:<br \/>\nLe lundi 02\/09,<br \/>\nle mardi 03\/09,<br \/>\nle mercredi 04\/09<\/p>\n<p><span style=\"color: #339966;\"><strong>AVENIRS TORTUES:<\/strong><span style=\"color: #000000;\">Pour une entr\u00e9e en classe (2024\/2025)<\/span><\/span>&nbsp;au CM1 09ans\/ CM2 10 et 11an<br \/>\nPermanences retraits dossiers: de 17h30 \u00e0 19h30:<br \/>\nLe jeudi 05\/09,<br \/>\nLe vendredi 06\/09<br \/>\nPermanences retraits dossiers: de 10h00 \u00e0 12h00:<br \/>\nLe samedi 07\/09<\/p>\n<p><span style=\"color: #3366ff;\"><strong>DAUPHINS:<\/strong><\/span> Pour une entr\u00e9e en classe (2024\/2025) en 6\u00e8me 12ans\/ 5\u00e8me 13ans<br \/>\nPermanences retraits dossiers: de 17h30 \u00e0 19h30:<br \/>\nLe lundi 09\/09,<br \/>\nLe mardi 10\/09,<br \/>\nLe jeudi 12\/09&nbsp;<br \/>\nLe vendredi 13\/09<\/p>\n<p><span style=\"color: #ff9900;\"><strong>ORQUES:<\/strong> <\/span>Pour une entr\u00e9e en classe (2024\/2025) en 4\u00e8me 14ans\/ 3\u00e8me 15ans\/ 2nde 16ans\/ 1\u00e8re 17ans<br \/>\nPermanences retraits dossiers: de 17h30 \u00e0 19h30:<br \/>\nLe lundi 16\/09,<br \/>\nLe mardi 17\/09,<br \/>\nLe jeudi 19\/09<br \/>\nLe vendredi 20\/09<\/p>\n<p>Les cours reprendront \u00e0 partir du lundi 23 septembre 2024 \u00e0 partir de 17h00.<\/p>\n","protected":false},"excerpt":{"rendered":"<p>Bonjour! La saison 2024\/2025 va bient\u00f4t d\u00e9marrer! Le club du F.A.N proc\u00e8de dans un premier temps aux r\u00e9inscriptions des enfants d\u00e9j\u00e0 licenci\u00e9s lors de la saison sportive 2023\/2024. Vous trouverez ci dessous les modalit\u00e9s de r\u00e9inscription. Pour une premi\u00e8re inscription au F.A.N nous reviendrons tr\u00e8s prochainement vers vous pour expliquer les modalit\u00e9s d&rsquo;inscription sur le site internet. Modalit\u00e9s de r\u00e9inscription: Afin de faciliter l&rsquo;inscription de votre enfant, merci de comp\u00e9ter avant de r\u00e9cup\u00e9rer le dossier, le formulaire de renseignement (un&#8230;<\/p>\n<p class=\"read-more\"><a class=\"btn btn-default\" href=\"https:\/\/forbach-agglomeration-natation.fr\/index.php\/inscriptions\/\">Lire la suite<span class=\"screen-reader-text\"> Lire la suite<\/span><\/a><\/p>\n","protected":false},"author":1,"featured_media":0,"parent":0,"menu_order":0,"comment_status":"closed","ping_status":"closed","template":"","meta":{"ngg_post_thumbnail":0,"footnotes":""},"class_list":["post-39","page","type-page","status-publish","hentry"],"_links":{"self":[{"href":"https:\/\/forbach-agglomeration-natation.fr\/index.php\/wp-json\/wp\/v2\/pages\/39","targetHints":{"allow":["GET"]}}],"collection":[{"href":"https:\/\/forbach-agglomeration-natation.fr\/index.php\/wp-json\/wp\/v2\/pages"}],"about":[{"href":"https:\/\/forbach-agglomeration-natation.fr\/index.php\/wp-json\/wp\/v2\/types\/page"}],"author":[{"embeddable":true,"href":"https:\/\/forbach-agglomeration-natation.fr\/index.php\/wp-json\/wp\/v2\/users\/1"}],"replies":[{"embeddable":true,"href":"https:\/\/forbach-agglomeration-natation.fr\/index.php\/wp-json\/wp\/v2\/comments?post=39"}],"version-history":[{"count":6,"href":"https:\/\/forbach-agglomeration-natation.fr\/index.php\/wp-json\/wp\/v2\/pages\/39\/revisions"}],"predecessor-version":[{"id":266,"href":"https:\/\/forbach-agglomeration-natation.fr\/index.php\/wp-json\/wp\/v2\/pages\/39\/revisions\/266"}],"wp:attachment":[{"href":"https:\/\/forbach-agglomeration-natation.fr\/index.php\/wp-json\/wp\/v2\/media?parent=39"}],"curies":[{"name":"wp","href":"https:\/\/api.w.org\/{rel}","templated":true}]}}