{"id":50,"date":"2023-12-13T19:07:17","date_gmt":"2023-12-13T18:07:17","guid":{"rendered":"https:\/\/forbach-agglomeration-natation.fr\/?page_id=50"},"modified":"2025-09-19T15:04:06","modified_gmt":"2025-09-19T13:04:06","slug":"les-crevettes","status":"publish","type":"page","link":"https:\/\/forbach-agglomeration-natation.fr\/index.php\/les-groupes\/les-crevettes\/","title":{"rendered":"Les crevettes"},"content":{"rendered":"<p style=\"font-weight: 400;\">Le groupe des \u00ab&nbsp;Crevettes&nbsp;\u00bb correspond \u00e0 la cat\u00e9gorie Avenir 1. On retrouve ainsi&nbsp;:<\/p>\n<ul>\n<li>Les Filles \u00e2g\u00e9es de 6 \u00e0 8,5 ans environ.<\/li>\n<li>Les Gar\u00e7ons \u00e2g\u00e9s de 6 \u00e0 8,5 ans environ.<\/li>\n<\/ul>\n<p style=\"font-weight: 400;\">Pour la saison 2025\/2026<\/p>\n<p style=\"font-weight: 400;\">Les entra\u00eenements se d\u00e9roulent les jours suivants&nbsp;:<br \/>\nLes crevettes 1:<\/p>\n<ul>\n<li>Mardi de 17h00 \u00e0 18h00<\/li>\n<li>Mercredi de 10h30 \u00e0 11h30<\/li>\n<li>Vendredi de 17h00 \u00e0 18h00<\/li>\n<\/ul>\n<p>Les crevettes 2:<\/p>\n<ul>\n<li>Lundi de 17h00 \u00e0 18h00<\/li>\n<li>Mercredi de 9h30 \u00e0 10h30<\/li>\n<li>Jeudi de 17h00 \u00e0 18h00<\/li>\n<\/ul>\n","protected":false},"excerpt":{"rendered":"<p>Le groupe des \u00ab&nbsp;Crevettes&nbsp;\u00bb correspond \u00e0 la cat\u00e9gorie Avenir 1. On retrouve ainsi&nbsp;: Les Filles \u00e2g\u00e9es de 6 \u00e0 8,5 ans environ. Les Gar\u00e7ons \u00e2g\u00e9s de 6 \u00e0 8,5 ans environ. Pour la saison 2025\/2026 Les entra\u00eenements se d\u00e9roulent les jours suivants&nbsp;: Les crevettes 1: Mardi de 17h00 \u00e0 18h00 Mercredi de 10h30 \u00e0 11h30 Vendredi de 17h00 \u00e0 18h00 Les crevettes 2: Lundi de 17h00 \u00e0 18h00 Mercredi de 9h30 \u00e0 10h30 Jeudi de 17h00 \u00e0 18h00<\/p>\n","protected":false},"author":1,"featured_media":0,"parent":37,"menu_order":1,"comment_status":"closed","ping_status":"closed","template":"","meta":{"ngg_post_thumbnail":0,"footnotes":""},"class_list":["post-50","page","type-page","status-publish","hentry"],"_links":{"self":[{"href":"https:\/\/forbach-agglomeration-natation.fr\/index.php\/wp-json\/wp\/v2\/pages\/50","targetHints":{"allow":["GET"]}}],"collection":[{"href":"https:\/\/forbach-agglomeration-natation.fr\/index.php\/wp-json\/wp\/v2\/pages"}],"about":[{"href":"https:\/\/forbach-agglomeration-natation.fr\/index.php\/wp-json\/wp\/v2\/types\/page"}],"author":[{"embeddable":true,"href":"https:\/\/forbach-agglomeration-natation.fr\/index.php\/wp-json\/wp\/v2\/users\/1"}],"replies":[{"embeddable":true,"href":"https:\/\/forbach-agglomeration-natation.fr\/index.php\/wp-json\/wp\/v2\/comments?post=50"}],"version-history":[{"count":4,"href":"https:\/\/forbach-agglomeration-natation.fr\/index.php\/wp-json\/wp\/v2\/pages\/50\/revisions"}],"predecessor-version":[{"id":393,"href":"https:\/\/forbach-agglomeration-natation.fr\/index.php\/wp-json\/wp\/v2\/pages\/50\/revisions\/393"}],"up":[{"embeddable":true,"href":"https:\/\/forbach-agglomeration-natation.fr\/index.php\/wp-json\/wp\/v2\/pages\/37"}],"wp:attachment":[{"href":"https:\/\/forbach-agglomeration-natation.fr\/index.php\/wp-json\/wp\/v2\/media?parent=50"}],"curies":[{"name":"wp","href":"https:\/\/api.w.org\/{rel}","templated":true}]}}