{"id":69,"date":"2023-12-13T19:22:57","date_gmt":"2023-12-13T18:22:57","guid":{"rendered":"https:\/\/forbach-agglomeration-natation.fr\/?page_id=69"},"modified":"2023-12-13T19:22:57","modified_gmt":"2023-12-13T18:22:57","slug":"le-projet-associatif-et-sportif","status":"publish","type":"page","link":"https:\/\/forbach-agglomeration-natation.fr\/index.php\/le-club\/le-projet-associatif-et-sportif\/","title":{"rendered":"Le projet associatif et sportif"},"content":{"rendered":"<p>Page d\u00e9di\u00e9e au projet associatif et sportif \u00e0 venir<\/p>\n","protected":false},"excerpt":{"rendered":"<p>Page d\u00e9di\u00e9e au projet associatif et sportif \u00e0 venir<\/p>\n","protected":false},"author":1,"featured_media":0,"parent":32,"menu_order":3,"comment_status":"closed","ping_status":"closed","template":"","meta":{"ngg_post_thumbnail":0,"footnotes":""},"class_list":["post-69","page","type-page","status-publish","hentry"],"_links":{"self":[{"href":"https:\/\/forbach-agglomeration-natation.fr\/index.php\/wp-json\/wp\/v2\/pages\/69","targetHints":{"allow":["GET"]}}],"collection":[{"href":"https:\/\/forbach-agglomeration-natation.fr\/index.php\/wp-json\/wp\/v2\/pages"}],"about":[{"href":"https:\/\/forbach-agglomeration-natation.fr\/index.php\/wp-json\/wp\/v2\/types\/page"}],"author":[{"embeddable":true,"href":"https:\/\/forbach-agglomeration-natation.fr\/index.php\/wp-json\/wp\/v2\/users\/1"}],"replies":[{"embeddable":true,"href":"https:\/\/forbach-agglomeration-natation.fr\/index.php\/wp-json\/wp\/v2\/comments?post=69"}],"version-history":[{"count":1,"href":"https:\/\/forbach-agglomeration-natation.fr\/index.php\/wp-json\/wp\/v2\/pages\/69\/revisions"}],"predecessor-version":[{"id":70,"href":"https:\/\/forbach-agglomeration-natation.fr\/index.php\/wp-json\/wp\/v2\/pages\/69\/revisions\/70"}],"up":[{"embeddable":true,"href":"https:\/\/forbach-agglomeration-natation.fr\/index.php\/wp-json\/wp\/v2\/pages\/32"}],"wp:attachment":[{"href":"https:\/\/forbach-agglomeration-natation.fr\/index.php\/wp-json\/wp\/v2\/media?parent=69"}],"curies":[{"name":"wp","href":"https:\/\/api.w.org\/{rel}","templated":true}]}}